{"id":497,"date":"2023-09-20T14:01:52","date_gmt":"2023-09-20T12:01:52","guid":{"rendered":"https:\/\/www.atelierbrno.cz\/?page_id=497"},"modified":"2023-12-11T19:40:34","modified_gmt":"2023-12-11T18:40:34","slug":"awards","status":"publish","type":"page","link":"https:\/\/www.atelierbrno.cz\/en\/awards\/","title":{"rendered":"Awards"},"content":{"rendered":"<div class=\"fusion-fullwidth fullwidth-box fusion-builder-row-1 fusion-flex-container has-pattern-background has-mask-background nonhundred-percent-fullwidth non-hundred-percent-height-scrolling\" style=\"--awb-border-radius-top-left:0px;--awb-border-radius-top-right:0px;--awb-border-radius-bottom-right:0px;--awb-border-radius-bottom-left:0px;\" ><div class=\"fusion-builder-row fusion-row fusion-flex-align-items-flex-start\" style=\"max-width:1248px;margin-left: calc(-4% \/ 2 );margin-right: calc(-4% \/ 2 );\"><div class=\"fusion-layout-column fusion_builder_column fusion-builder-column-0 fusion_builder_column_1_1 1_1 fusion-flex-column\" style=\"--awb-bg-size:cover;--awb-width-large:100%;--awb-spacing-right-large:1.92%;--awb-spacing-left-large:1.92%;--awb-width-medium:100%;--awb-order-medium:0;--awb-spacing-right-medium:1.92%;--awb-spacing-left-medium:1.92%;--awb-width-small:100%;--awb-order-small:0;--awb-spacing-right-small:1.92%;--awb-spacing-left-small:1.92%;\"><div class=\"fusion-column-wrapper fusion-column-has-shadow fusion-flex-justify-content-flex-start fusion-content-layout-column\"><ul style=\"--awb-line-height:27.2px;--awb-icon-width:27.2px;--awb-icon-height:27.2px;--awb-icon-margin:11.2px;--awb-content-margin:38.4px;--awb-circlecolor:var(--awb-color4);--awb-circle-yes-font-size:14.08px;\" class=\"fusion-checklist fusion-checklist-1 fusion-checklist-default type-icons\"><li class=\"fusion-li-item\" style=\"\"><span class=\"icon-wrapper circle-yes\"><i class=\"fusion-li-icon fa-award fas\" aria-hidden=\"true\"><\/i><\/span><div class=\"fusion-li-item-content\">\n<p><strong>CONSTRUCTION OF SOUTH-MORAVIAN REGION 2014<\/strong><br \/>\nresidential houses on Opt\u00e1tova street in Brno \u2013 Jundrov \u2013 1.&nbsp;prize in Residential houses category<\/p>\n<\/div><\/li><li class=\"fusion-li-item\" style=\"\"><span class=\"icon-wrapper circle-yes\"><i class=\"fusion-li-icon fa-award fas\" aria-hidden=\"true\"><\/i><\/span><div class=\"fusion-li-item-content\">\n<p><strong>GRAND PRIX OF ARCHITECTS SOCIETY 2013<\/strong><br \/>\nthe interior of bank-caf\u00e9 J&amp;T Bank in Brno \u2013 narrow selection of the jury in the interior category<\/p>\n<\/div><\/li><li class=\"fusion-li-item\" style=\"\"><span class=\"icon-wrapper circle-yes\"><i class=\"fusion-li-icon fa-award fas\" aria-hidden=\"true\"><\/i><\/span><div class=\"fusion-li-item-content\">Certificate of merit in category of architectural design, Stone reliefs F\u00e9nix and tiger, cascade of water stairs \u2013 residence in \u0158\u00edcmanice near Brno. Author of relief Michal Bla\u017eek.<\/div><\/li><li class=\"fusion-li-item\" style=\"\"><span class=\"icon-wrapper circle-yes\"><i class=\"fusion-li-icon fa-award fas\" aria-hidden=\"true\"><\/i><\/span><div class=\"fusion-li-item-content\">\n<p><strong>ENERGY EXCELLENCE 2012<\/strong><br \/>\nTrinity Administrative Center building SO 001 reached highest level &#8220;Energy Excellence&#8221; in the Energy Certification \u2013 building energy use audit<\/p>\n<\/div><\/li><li class=\"fusion-li-item\" style=\"\"><span class=\"icon-wrapper circle-yes\"><i class=\"fusion-li-icon fa-award fas\" aria-hidden=\"true\"><\/i><\/span><div class=\"fusion-li-item-content\">\n<p><strong>ECOLA Award 2010<\/strong><br \/>\nprize for using plaster in architecture<br \/>\nnomination of Reconstruction of the Brno House of Arts<\/p>\n<\/div><\/li><li class=\"fusion-li-item\" style=\"\"><span class=\"icon-wrapper circle-yes\"><i class=\"fusion-li-icon fa-award fas\" aria-hidden=\"true\"><\/i><\/span><div class=\"fusion-li-item-content\">\n<p><strong>Grand Prix of Architects Society 2010<\/strong><br \/>\nnomination of Reconstruction of the Brno House of Arts and Trinity Administrative Center, Brno<\/p>\n<\/div><\/li><li class=\"fusion-li-item\" style=\"\"><span class=\"icon-wrapper circle-yes\"><i class=\"fusion-li-icon fa-award fas\" aria-hidden=\"true\"><\/i><\/span><div class=\"fusion-li-item-content\">\n<p><strong>TOP INVEST 2005<\/strong><br \/>\ncompetition announced by the Ministry of Industry and Trade of the CR, the Ministry of Local Development of the CR and The Association of Building Entrepreneurs of the CR \u2013 Best Investment of the Year 2005 price for Va\u0148kovka Gallery, Brno<\/p>\n<\/div><\/li><li class=\"fusion-li-item\" style=\"\"><span class=\"icon-wrapper circle-yes\"><i class=\"fusion-li-icon fa-award fas\" aria-hidden=\"true\"><\/i><\/span><div class=\"fusion-li-item-content\">\n<p><strong>Prize From The Magazine Construction &amp; Investment Journal, 2005<\/strong><br \/>\nVa\u0148kovka Gallery Brno \u2013 Best Shopping Center of the year 2005 in the Czech Republic<\/p>\n<\/div><\/li><li class=\"fusion-li-item\" style=\"\"><span class=\"icon-wrapper circle-yes\"><i class=\"fusion-li-icon fa-award fas\" aria-hidden=\"true\"><\/i><\/span><div class=\"fusion-li-item-content\">\n<p><strong>Best Of Realty 2005 \u2013 Shopping center of the year 2005 in CR<\/strong><br \/>\n1st prize for Va\u0148kovka Gallery, Brno<\/p>\n<\/div><\/li><li class=\"fusion-li-item\" style=\"\"><span class=\"icon-wrapper circle-yes\"><i class=\"fusion-li-icon fa-award fas\" aria-hidden=\"true\"><\/i><\/span><div class=\"fusion-li-item-content\">\n<p><strong>Grand Prix of Architects Society 2004<\/strong><br \/>\nmain prize in the category Landscape Architecture and Garden Creation for the reconstruction of the areas Denisovy sady and Stud\u00e1nka, Phases I&nbsp;\u2013 III, Brno<\/p>\n<\/div><\/li><li class=\"fusion-li-item\" style=\"\"><span class=\"icon-wrapper circle-yes\"><i class=\"fusion-li-icon fa-award fas\" aria-hidden=\"true\"><\/i><\/span><div class=\"fusion-li-item-content\">\n<p><strong>European Architecture Award \u2013 Mies van der Rohe Pavilion Award 2003<\/strong><br \/>\nnomination of administrative building of the Blata Company, Blansko<\/p>\n<\/div><\/li><li class=\"fusion-li-item\" style=\"\"><span class=\"icon-wrapper circle-yes\"><i class=\"fusion-li-icon fa-award fas\" aria-hidden=\"true\"><\/i><\/span><div class=\"fusion-li-item-content\">\n<p><strong>Honourable mention of the District of Vyso\u010dina \u2013 Stavba Vyso\u010diny 2003<\/strong><br \/>\nreconstruction of Hoffmann\u2019s House in Brtnice<\/p>\n<\/div><\/li><li class=\"fusion-li-item\" style=\"\"><span class=\"icon-wrapper circle-yes\"><i class=\"fusion-li-icon fa-award fas\" aria-hidden=\"true\"><\/i><\/span><div class=\"fusion-li-item-content\">\n<p><strong>Old Prague Club Award \u2013 for a&nbsp;new building in historic center 2002-2003<\/strong><br \/>\nnomination of Shopping Center Josefsk\u00e1 \u2013 Novobransk\u00e1, Brno<\/p>\n<\/div><\/li><li class=\"fusion-li-item\" style=\"\"><span class=\"icon-wrapper circle-yes\"><i class=\"fusion-li-icon fa-award fas\" aria-hidden=\"true\"><\/i><\/span><div class=\"fusion-li-item-content\">\n<p><strong>Special Prize of Minister for Local Development \u2013 Contest Starting Flats for Young Families 1999<\/strong><br \/>\nstarting flats in \u0158\u00ed\u010dany u&nbsp;Prahy<\/p>\n<\/div><\/li><li class=\"fusion-li-item\" style=\"\"><span class=\"icon-wrapper circle-yes\"><i class=\"fusion-li-icon fa-award fas\" aria-hidden=\"true\"><\/i><\/span><div class=\"fusion-li-item-content\">\n<p><strong>Housing \u201899 \u2013 Contest advertised by the Ministry for Local Development of the Czech Republic<\/strong><br \/>\nSpecial award in the category \u201cOther Housing Facilities\u201d for the study Housing Units in Brno-Kom\u00edn, Rectory Garden<\/p>\n<\/div><\/li><li class=\"fusion-li-item\" style=\"\"><span class=\"icon-wrapper circle-yes\"><i class=\"fusion-li-icon fa-award fas\" aria-hidden=\"true\"><\/i><\/span><div class=\"fusion-li-item-content\">\n<p><strong>Construction of the Decade in Olomouc region, main &#8220;Prize For a&nbsp;New Building\u201c 1999<\/strong><br \/>\nadministrative building of Povod\u00ed Moravy Company, Olomouc<\/p>\n<\/div><\/li><li class=\"fusion-li-item\" style=\"\"><span class=\"icon-wrapper circle-yes\"><i class=\"fusion-li-icon fa-award fas\" aria-hidden=\"true\"><\/i><\/span><div class=\"fusion-li-item-content\">\n<p><strong>European Architecture Award \u2013 Mies van der Rohe Pavilion Award 1997<\/strong><br \/>\nnomination of administrative building of Povod\u00ed Moravy Company, Olomouc<\/p>\n<\/div><\/li><\/ul><\/div><\/div><\/div><\/div>\n","protected":false},"excerpt":{"rendered":"","protected":false},"author":1,"featured_media":0,"parent":0,"menu_order":0,"comment_status":"closed","ping_status":"closed","template":"100-width.php","meta":{"footnotes":""},"class_list":["post-497","page","type-page","status-publish","hentry"],"yoast_head":"<!-- This site is optimized with the Yoast SEO plugin v23.4 - https:\/\/yoast.com\/wordpress\/plugins\/seo\/ -->\n<title>Awards - Ateli\u00e9r Brno<\/title>\n<meta name=\"robots\" content=\"index, follow, max-snippet:-1, max-image-preview:large, max-video-preview:-1\" \/>\n<link rel=\"canonical\" href=\"https:\/\/www.atelierbrno.cz\/en\/awards\/\" \/>\n<meta property=\"og:locale\" content=\"en_US\" \/>\n<meta property=\"og:type\" content=\"article\" \/>\n<meta property=\"og:title\" content=\"Awards - Ateli\u00e9r Brno\" \/>\n<meta property=\"og:url\" content=\"https:\/\/www.atelierbrno.cz\/en\/awards\/\" \/>\n<meta property=\"og:site_name\" content=\"Ateli\u00e9r Brno\" \/>\n<meta property=\"article:modified_time\" content=\"2023-12-11T18:40:34+00:00\" \/>\n<meta name=\"twitter:card\" content=\"summary_large_image\" \/>\n<meta name=\"twitter:label1\" content=\"Est. reading time\" \/>\n\t<meta name=\"twitter:data1\" content=\"5 minutes\" \/>\n<script type=\"application\/ld+json\" class=\"yoast-schema-graph\">{\"@context\":\"https:\/\/schema.org\",\"@graph\":[{\"@type\":\"WebPage\",\"@id\":\"https:\/\/www.atelierbrno.cz\/en\/awards\/\",\"url\":\"https:\/\/www.atelierbrno.cz\/en\/awards\/\",\"name\":\"Awards - Ateli\u00e9r Brno\",\"isPartOf\":{\"@id\":\"https:\/\/www.atelierbrno.cz\/#website\"},\"datePublished\":\"2023-09-20T12:01:52+00:00\",\"dateModified\":\"2023-12-11T18:40:34+00:00\",\"breadcrumb\":{\"@id\":\"https:\/\/www.atelierbrno.cz\/en\/awards\/#breadcrumb\"},\"inLanguage\":\"en-US\",\"potentialAction\":[{\"@type\":\"ReadAction\",\"target\":[\"https:\/\/www.atelierbrno.cz\/en\/awards\/\"]}]},{\"@type\":\"BreadcrumbList\",\"@id\":\"https:\/\/www.atelierbrno.cz\/en\/awards\/#breadcrumb\",\"itemListElement\":[{\"@type\":\"ListItem\",\"position\":1,\"name\":\"Dom\u016f\",\"item\":\"https:\/\/www.atelierbrno.cz\/en\/\"},{\"@type\":\"ListItem\",\"position\":2,\"name\":\"Awards\"}]},{\"@type\":\"WebSite\",\"@id\":\"https:\/\/www.atelierbrno.cz\/#website\",\"url\":\"https:\/\/www.atelierbrno.cz\/\",\"name\":\"Ateli\u00e9r Brno\",\"description\":\"Architekti Hr\u016f\u0161a &amp; spol.\",\"potentialAction\":[{\"@type\":\"SearchAction\",\"target\":{\"@type\":\"EntryPoint\",\"urlTemplate\":\"https:\/\/www.atelierbrno.cz\/?s={search_term_string}\"},\"query-input\":{\"@type\":\"PropertyValueSpecification\",\"valueRequired\":true,\"valueName\":\"search_term_string\"}}],\"inLanguage\":\"en-US\"}]}<\/script>\n<!-- \/ Yoast SEO plugin. -->","yoast_head_json":{"title":"Awards - Ateli\u00e9r Brno","robots":{"index":"index","follow":"follow","max-snippet":"max-snippet:-1","max-image-preview":"max-image-preview:large","max-video-preview":"max-video-preview:-1"},"canonical":"https:\/\/www.atelierbrno.cz\/en\/awards\/","og_locale":"en_US","og_type":"article","og_title":"Awards - Ateli\u00e9r Brno","og_url":"https:\/\/www.atelierbrno.cz\/en\/awards\/","og_site_name":"Ateli\u00e9r Brno","article_modified_time":"2023-12-11T18:40:34+00:00","twitter_card":"summary_large_image","twitter_misc":{"Est. reading time":"5 minutes"},"schema":{"@context":"https:\/\/schema.org","@graph":[{"@type":"WebPage","@id":"https:\/\/www.atelierbrno.cz\/en\/awards\/","url":"https:\/\/www.atelierbrno.cz\/en\/awards\/","name":"Awards - Ateli\u00e9r Brno","isPartOf":{"@id":"https:\/\/www.atelierbrno.cz\/#website"},"datePublished":"2023-09-20T12:01:52+00:00","dateModified":"2023-12-11T18:40:34+00:00","breadcrumb":{"@id":"https:\/\/www.atelierbrno.cz\/en\/awards\/#breadcrumb"},"inLanguage":"en-US","potentialAction":[{"@type":"ReadAction","target":["https:\/\/www.atelierbrno.cz\/en\/awards\/"]}]},{"@type":"BreadcrumbList","@id":"https:\/\/www.atelierbrno.cz\/en\/awards\/#breadcrumb","itemListElement":[{"@type":"ListItem","position":1,"name":"Dom\u016f","item":"https:\/\/www.atelierbrno.cz\/en\/"},{"@type":"ListItem","position":2,"name":"Awards"}]},{"@type":"WebSite","@id":"https:\/\/www.atelierbrno.cz\/#website","url":"https:\/\/www.atelierbrno.cz\/","name":"Ateli\u00e9r Brno","description":"Architekti Hr\u016f\u0161a &amp; spol.","potentialAction":[{"@type":"SearchAction","target":{"@type":"EntryPoint","urlTemplate":"https:\/\/www.atelierbrno.cz\/?s={search_term_string}"},"query-input":{"@type":"PropertyValueSpecification","valueRequired":true,"valueName":"search_term_string"}}],"inLanguage":"en-US"}]}},"_links":{"self":[{"href":"https:\/\/www.atelierbrno.cz\/en\/wp-json\/wp\/v2\/pages\/497","targetHints":{"allow":["GET"]}}],"collection":[{"href":"https:\/\/www.atelierbrno.cz\/en\/wp-json\/wp\/v2\/pages"}],"about":[{"href":"https:\/\/www.atelierbrno.cz\/en\/wp-json\/wp\/v2\/types\/page"}],"author":[{"embeddable":true,"href":"https:\/\/www.atelierbrno.cz\/en\/wp-json\/wp\/v2\/users\/1"}],"replies":[{"embeddable":true,"href":"https:\/\/www.atelierbrno.cz\/en\/wp-json\/wp\/v2\/comments?post=497"}],"version-history":[{"count":2,"href":"https:\/\/www.atelierbrno.cz\/en\/wp-json\/wp\/v2\/pages\/497\/revisions"}],"predecessor-version":[{"id":729,"href":"https:\/\/www.atelierbrno.cz\/en\/wp-json\/wp\/v2\/pages\/497\/revisions\/729"}],"wp:attachment":[{"href":"https:\/\/www.atelierbrno.cz\/en\/wp-json\/wp\/v2\/media?parent=497"}],"curies":[{"name":"wp","href":"https:\/\/api.w.org\/{rel}","templated":true}]}}