{"id":478,"date":"2023-09-20T12:29:11","date_gmt":"2023-09-20T10:29:11","guid":{"rendered":"https:\/\/www.atelierbrno.cz\/?page_id=478"},"modified":"2025-10-08T08:02:21","modified_gmt":"2025-10-08T06:02:21","slug":"contacts","status":"publish","type":"page","link":"https:\/\/www.atelierbrno.cz\/en\/contacts\/","title":{"rendered":"Contacts"},"content":{"rendered":"<div class=\"fusion-fullwidth fullwidth-box fusion-builder-row-1 fusion-flex-container has-pattern-background has-mask-background nonhundred-percent-fullwidth non-hundred-percent-height-scrolling\" style=\"--link_hover_color: var(--awb-color8);--link_color: var(--awb-color4);--awb-border-radius-top-left:0px;--awb-border-radius-top-right:0px;--awb-border-radius-bottom-right:0px;--awb-border-radius-bottom-left:0px;--awb-padding-top:5rem;--awb-padding-bottom:3.75rem;\" ><div class=\"fusion-builder-row fusion-row fusion-flex-align-items-flex-start\" style=\"max-width:1248px;margin-left: calc(-4% \/ 2 );margin-right: calc(-4% \/ 2 );\"><div class=\"fusion-layout-column fusion_builder_column fusion-builder-column-0 fusion_builder_column_1_2 1_2 fusion-flex-column\" style=\"--awb-bg-size:cover;--awb-width-large:50%;--awb-spacing-right-large:3.84%;--awb-spacing-left-large:3.84%;--awb-width-medium:100%;--awb-order-medium:0;--awb-spacing-right-medium:1.92%;--awb-spacing-left-medium:1.92%;--awb-width-small:100%;--awb-order-small:0;--awb-spacing-right-small:1.92%;--awb-spacing-left-small:1.92%;\"><div class=\"fusion-column-wrapper fusion-column-has-shadow fusion-flex-justify-content-flex-start fusion-content-layout-column\"><div class=\"fusion-title title fusion-title-1 fusion-sep-none fusion-title-text fusion-title-size-two\" style=\"--awb-text-color:var(--awb-color5);--awb-margin-bottom:0px;--awb-font-size:30px;\"><h2 class=\"title-heading-left\" style=\"font-family:&quot;Fira Sans&quot;;font-style:normal;font-weight:500;margin:0;font-size:1em;\"><h2>Contacts<\/h2><\/h2><\/div><div class=\"fusion-title title fusion-title-2 fusion-sep-none fusion-title-text fusion-title-size-three\" style=\"--awb-text-color:var(--awb-color6);--awb-margin-top:0px;--awb-font-size:24px;\"><h3 class=\"title-heading-left\" style=\"font-family:&quot;TrajanPro Bold&quot;;margin:0;font-size:1em;\">Architekti Hr\u016f\u0161a &amp; spol., Ateli\u00e9r Brno, s.r.o.<\/h3><\/div><ul style=\"--awb-iconcolor:var(--awb-color8);--awb-line-height:27.2px;--awb-icon-width:27.2px;--awb-icon-height:27.2px;--awb-icon-margin:11.2px;--awb-content-margin:38.4px;\" class=\"fusion-checklist fusion-checklist-1 fusion-checklist-default type-icons\"><li class=\"fusion-li-item\" style=\"\"><span class=\"icon-wrapper circle-no\"><i class=\"fusion-li-icon fa-map-marker-alt fas\" aria-hidden=\"true\"><\/i><\/span><div class=\"fusion-li-item-content\"><a href=\"https:\/\/maps.app.goo.gl\/1B2MByogaMtzMT34A\" target=\"_blank\" rel=\"noopener\">Slep\u00e1 919\/16, 613&nbsp;00 Brno-sever<\/a><\/div><\/li><li class=\"fusion-li-item\" style=\"\"><span class=\"icon-wrapper circle-no\"><i class=\"fusion-li-icon fa-envelope fas\" aria-hidden=\"true\"><\/i><\/span><div class=\"fusion-li-item-content\">\n<p><a href=\"mailto:info@atelierbrno.cz\">info@atelierbrno.cz<\/a><\/p>\n<\/div><\/li><li class=\"fusion-li-item\" style=\"\"><span class=\"icon-wrapper circle-no\"><i class=\"fusion-li-icon fa-phone-alt fas\" aria-hidden=\"true\"><\/i><\/span><div class=\"fusion-li-item-content\">\n<p><a href=\"tel:+420541243829\">+420&nbsp;541&nbsp;243&nbsp;829<\/a><\/p>\n<\/div><\/li><li class=\"fusion-li-item\" style=\"\"><span class=\"icon-wrapper circle-no\"><i class=\"fusion-li-icon fa-globe fas\" aria-hidden=\"true\"><\/i><\/span><div class=\"fusion-li-item-content\">\n<p><a href=\"https:\/\/www.hrusa-atelierbrno.cz\/\">www.hrusa-atelierbrno.cz<\/a><\/p>\n<\/div><\/li><\/ul><div class=\"fusion-text fusion-text-1\" style=\"--awb-text-color:var(--awb-color8);\"><p>IN: 25517562<br \/>\nTIN: CZ25517562<br \/>\nData box: mx6m42p<\/p>\n<p>Entry in the commercial register: Krajsk\u00fd soud Brno, odd\u00edl C, vlo\u017eka 29562.<\/p>\n<\/div><div class=\"fusion-title title fusion-title-3 fusion-sep-none fusion-title-text fusion-title-size-three\" style=\"--awb-text-color:var(--awb-color6);--awb-margin-top:0px;--awb-font-size:24px;\"><h3 class=\"title-heading-left\" style=\"font-family:&quot;TrajanPro Bold&quot;;margin:0;font-size:1em;\">Archateliery Hr\u016f\u0161a &amp; spol., s.r.o.<\/h3><\/div><div class=\"fusion-text fusion-text-2\" style=\"--awb-text-color:var(--awb-color8);\"><p>IN: 29187630<br \/>\nTIN: CZ29187630<br \/>\nData box: eutfjem<\/p>\n<p>Entry in the commercial register: Krajsk\u00fd soud Brno, odd\u00edl C, vlo\u017eka 64210.<\/p>\n<\/div><\/div><\/div><div class=\"fusion-layout-column fusion_builder_column fusion-builder-column-1 fusion_builder_column_1_2 1_2 fusion-flex-column\" style=\"--awb-bg-size:cover;--awb-width-large:50%;--awb-spacing-right-large:3.84%;--awb-spacing-left-large:3.84%;--awb-width-medium:100%;--awb-order-medium:0;--awb-spacing-right-medium:1.92%;--awb-spacing-left-medium:1.92%;--awb-width-small:100%;--awb-order-small:0;--awb-spacing-right-small:1.92%;--awb-spacing-left-small:1.92%;\"><div class=\"fusion-column-wrapper fusion-column-has-shadow fusion-flex-justify-content-flex-start fusion-content-layout-column\"><div class=\"fusion-title title fusion-title-4 fusion-sep-none fusion-title-text fusion-title-size-three\" style=\"--awb-text-color:var(--awb-color5);--awb-font-size:24px;\"><h3 class=\"title-heading-left\" style=\"font-family:&quot;TrajanPro Bold&quot;;font-style:normal;font-weight:400;margin:0;font-size:1em;letter-spacing:var(--awb-typography1-letter-spacing);text-transform:var(--awb-typography1-text-transform);line-height:var(--awb-typography1-line-height);\">Write us a&nbsp;message<\/h3><\/div><div class=\"fusion-form fusion-form-builder fusion-form-form-wrapper fusion-form-533\" style=\"--awb-tooltip-text-color:#ffffff;--awb-tooltip-background-color:#333333;\" data-form-id=\"533\" data-config=\"{&quot;form_id&quot;:533,&quot;form_post_id&quot;:533,&quot;post_id&quot;:478,&quot;form_type&quot;:&quot;ajax&quot;,&quot;confirmation_type&quot;:&quot;message&quot;,&quot;redirect_url&quot;:&quot;&quot;,&quot;field_labels&quot;:{&quot;name&quot;:&quot;&quot;,&quot;Telefon&quot;:&quot;&quot;,&quot;email&quot;:&quot;&quot;,&quot;message&quot;:&quot;&quot;},&quot;field_logics&quot;:{&quot;name&quot;:&quot;&quot;,&quot;Telefon&quot;:&quot;&quot;,&quot;email&quot;:&quot;&quot;,&quot;message&quot;:&quot;&quot;},&quot;field_types&quot;:{&quot;name&quot;:&quot;text&quot;,&quot;Telefon&quot;:&quot;phone_number&quot;,&quot;email&quot;:&quot;email&quot;,&quot;message&quot;:&quot;textarea&quot;,&quot;recaptcha_1&quot;:&quot;recaptcha&quot;,&quot;submit_1&quot;:&quot;submit&quot;},&quot;nonce_method&quot;:&quot;ajax&quot;}\"><form action=\"https:\/\/www.atelierbrno.cz\/en\/contacts\/\" method=\"post\" class=\"fusion-form fusion-form-533\"><div class=\"fusion-fullwidth fullwidth-box fusion-builder-row-1-1 fusion-flex-container has-pattern-background has-mask-background nonhundred-percent-fullwidth non-hundred-percent-height-scrolling\" style=\"--awb-border-radius-top-left:0px;--awb-border-radius-top-right:0px;--awb-border-radius-bottom-right:0px;--awb-border-radius-bottom-left:0px;--awb-padding-right:0px;--awb-padding-left:0px;\" ><div class=\"fusion-builder-row fusion-row fusion-flex-align-items-flex-start\" style=\"width:104% !important;max-width:104% !important;margin-left: calc(-4% \/ 2 );margin-right: calc(-4% \/ 2 );\"><div class=\"fusion-layout-column fusion_builder_column fusion-builder-column-2 fusion_builder_column_1_1 1_1 fusion-flex-column\" style=\"--awb-bg-size:cover;--awb-width-large:100%;--awb-spacing-right-large:1.92%;--awb-spacing-left-large:1.92%;--awb-width-medium:100%;--awb-order-medium:0;--awb-spacing-right-medium:1.92%;--awb-spacing-left-medium:1.92%;--awb-width-small:100%;--awb-order-small:0;--awb-spacing-right-small:1.92%;--awb-spacing-left-small:1.92%;\"><div class=\"fusion-column-wrapper fusion-column-has-shadow fusion-flex-justify-content-flex-start fusion-content-layout-column\"><div class=\"fusion-form-field fusion-form-text-field fusion-form-label-above\" style=\"\" data-form-id=\"533\"><input type=\"text\" name=\"name\" id=\"name\" value=\"\"  class=\"fusion-form-input\" required=\"true\" aria-required=\"true\" placeholder=\"Name*\" data-holds-private-data=\"false\" minlength=\"0\"\/><\/div><div class=\"fusion-form-field fusion-form-phone-number-field fusion-form-label-above\" style=\"\" data-form-id=\"533\"><input type=\"tel\" name=\"Telefon\" id=\"Telefon\" value=\"\"  class=\"fusion-form-input\" placeholder=\"Phone number\" data-holds-private-data=\"false\"\/><\/div><div class=\"fusion-form-field fusion-form-email-field fusion-form-label-above\" style=\"\" data-form-id=\"533\"><input type=\"email\" name=\"email\" id=\"email\" value=\"\"  class=\"fusion-form-input\" required=\"true\" aria-required=\"true\" placeholder=\"E-mail*\" data-holds-private-data=\"false\"\/><\/div><div class=\"fusion-form-field fusion-form-textarea-field fusion-form-label-above\" style=\"\" data-form-id=\"533\"><textarea cols=\"40\"  minlength=\"0\"  rows=\"4\" tabindex=\"\" id=\"message\" name=\"message\" class=\"fusion-form-input\" required=\"true\" aria-required=\"true\" placeholder=\"Your message*\" data-holds-private-data=\"false\"><\/textarea><\/div><div class=\"fusion-text fusion-text-3\" style=\"--awb-text-color:var(--awb-color8);\"><p>By entering your personal information, you agree to the <a href=\"\/en\/terms-of-personal-data-protection\/\" target=\"_blank\" rel=\"noopener\">privacy policy.<\/a><\/p>\n<\/div><div class=\"fusion-form-field fusion-form-recaptcha-field fusion-form-label-above\" style=\"\" data-form-id=\"533\">\t\t\t\t\t\t\t\t<\/div><div class=\"fusion-form-field fusion-form-submit-field fusion-form-label-above\" style=\"\" data-form-id=\"533\"><div ><button type=\"submit\" class=\"fusion-button button-flat fusion-button-default-size button-default fusion-button-default button-1 fusion-button-default-span  form-form-submit button-default\" data-form-number=\"533\" tabindex=\"\"><span class=\"fusion-button-text\">Submit<\/span><\/button><\/div><\/div><div class=\"form-submission-notices\" id=\"fusion-notices-1\"><div class=\"fusion-alert alert success alert-success fusion-alert-center fusion-form-response fusion-form-response-success alert-dismissable\" role=\"alert\"><div class=\"fusion-alert-content-wrapper\"><span class=\"alert-icon\"><i class=\"awb-icon-check-circle\" aria-hidden=\"true\"><\/i><\/span><span class=\"fusion-alert-content\">D\u011bkujeme V\u00e1m! Va\u0161e zpr\u00e1va byla \u00fasp\u011b\u0161n\u011b odesl\u00e1na. Budeme V\u00e1s kontaktovat v nebli\u017e\u0161\u00ed mo\u017en\u00e9 dob\u011b.<\/span><\/div><button type=\"button\" class=\"close toggle-alert\" data-dismiss=\"alert\" aria-label=\"Close\">&times;<\/button><\/div><div class=\"fusion-alert alert error alert-danger fusion-alert-center fusion-form-response fusion-form-response-error alert-dismissable\" role=\"alert\"><div class=\"fusion-alert-content-wrapper\"><span class=\"alert-icon\"><i class=\"awb-icon-exclamation-triangle\" aria-hidden=\"true\"><\/i><\/span><span class=\"fusion-alert-content\">P\u0159i pokusu o odesl\u00e1n\u00ed va\u0161\u00ed zpr\u00e1vy do\u0161lo k chyb\u011b. Pros\u00edm zkuste to znovu pozd\u011bji.<\/span><\/div><button type=\"button\" class=\"close toggle-alert\" data-dismiss=\"alert\" aria-label=\"Close\">&times;<\/button><\/div><\/div><\/div><\/div><\/div><\/div><input type=\"hidden\" name=\"fusion_privacy_store_ip_ua\" value=\"false\"><input type=\"hidden\" name=\"fusion_privacy_expiration_interval\" value=\"48\"><input type=\"hidden\" name=\"privacy_expiration_action\" value=\"anonymize\"><\/form><\/div><\/div><\/div><\/div><\/div>\n","protected":false},"excerpt":{"rendered":"","protected":false},"author":1,"featured_media":0,"parent":0,"menu_order":0,"comment_status":"closed","ping_status":"closed","template":"100-width.php","meta":{"footnotes":""},"class_list":["post-478","page","type-page","status-publish","hentry"],"yoast_head":"<!-- This site is optimized with the Yoast SEO plugin v23.4 - https:\/\/yoast.com\/wordpress\/plugins\/seo\/ -->\n<title>Contacts - Ateli\u00e9r Brno<\/title>\n<meta name=\"robots\" content=\"index, follow, max-snippet:-1, max-image-preview:large, max-video-preview:-1\" \/>\n<link rel=\"canonical\" href=\"https:\/\/www.atelierbrno.cz\/en\/contacts\/\" \/>\n<meta property=\"og:locale\" content=\"en_US\" \/>\n<meta property=\"og:type\" content=\"article\" \/>\n<meta property=\"og:title\" content=\"Contacts - Ateli\u00e9r Brno\" \/>\n<meta property=\"og:url\" content=\"https:\/\/www.atelierbrno.cz\/en\/contacts\/\" \/>\n<meta property=\"og:site_name\" content=\"Ateli\u00e9r Brno\" \/>\n<meta property=\"article:modified_time\" content=\"2025-10-08T06:02:21+00:00\" \/>\n<meta name=\"twitter:card\" content=\"summary_large_image\" \/>\n<meta name=\"twitter:label1\" content=\"Est. reading time\" \/>\n\t<meta name=\"twitter:data1\" content=\"6 minutes\" \/>\n<script type=\"application\/ld+json\" class=\"yoast-schema-graph\">{\"@context\":\"https:\/\/schema.org\",\"@graph\":[{\"@type\":\"WebPage\",\"@id\":\"https:\/\/www.atelierbrno.cz\/en\/contacts\/\",\"url\":\"https:\/\/www.atelierbrno.cz\/en\/contacts\/\",\"name\":\"Contacts - Ateli\u00e9r Brno\",\"isPartOf\":{\"@id\":\"https:\/\/www.atelierbrno.cz\/#website\"},\"datePublished\":\"2023-09-20T10:29:11+00:00\",\"dateModified\":\"2025-10-08T06:02:21+00:00\",\"breadcrumb\":{\"@id\":\"https:\/\/www.atelierbrno.cz\/en\/contacts\/#breadcrumb\"},\"inLanguage\":\"en-US\",\"potentialAction\":[{\"@type\":\"ReadAction\",\"target\":[\"https:\/\/www.atelierbrno.cz\/en\/contacts\/\"]}]},{\"@type\":\"BreadcrumbList\",\"@id\":\"https:\/\/www.atelierbrno.cz\/en\/contacts\/#breadcrumb\",\"itemListElement\":[{\"@type\":\"ListItem\",\"position\":1,\"name\":\"Dom\u016f\",\"item\":\"https:\/\/www.atelierbrno.cz\/en\/\"},{\"@type\":\"ListItem\",\"position\":2,\"name\":\"Contacts\"}]},{\"@type\":\"WebSite\",\"@id\":\"https:\/\/www.atelierbrno.cz\/#website\",\"url\":\"https:\/\/www.atelierbrno.cz\/\",\"name\":\"Ateli\u00e9r Brno\",\"description\":\"Architekti Hr\u016f\u0161a &amp; spol.\",\"potentialAction\":[{\"@type\":\"SearchAction\",\"target\":{\"@type\":\"EntryPoint\",\"urlTemplate\":\"https:\/\/www.atelierbrno.cz\/?s={search_term_string}\"},\"query-input\":{\"@type\":\"PropertyValueSpecification\",\"valueRequired\":true,\"valueName\":\"search_term_string\"}}],\"inLanguage\":\"en-US\"}]}<\/script>\n<!-- \/ Yoast SEO plugin. -->","yoast_head_json":{"title":"Contacts - Ateli\u00e9r Brno","robots":{"index":"index","follow":"follow","max-snippet":"max-snippet:-1","max-image-preview":"max-image-preview:large","max-video-preview":"max-video-preview:-1"},"canonical":"https:\/\/www.atelierbrno.cz\/en\/contacts\/","og_locale":"en_US","og_type":"article","og_title":"Contacts - Ateli\u00e9r Brno","og_url":"https:\/\/www.atelierbrno.cz\/en\/contacts\/","og_site_name":"Ateli\u00e9r Brno","article_modified_time":"2025-10-08T06:02:21+00:00","twitter_card":"summary_large_image","twitter_misc":{"Est. reading time":"6 minutes"},"schema":{"@context":"https:\/\/schema.org","@graph":[{"@type":"WebPage","@id":"https:\/\/www.atelierbrno.cz\/en\/contacts\/","url":"https:\/\/www.atelierbrno.cz\/en\/contacts\/","name":"Contacts - Ateli\u00e9r Brno","isPartOf":{"@id":"https:\/\/www.atelierbrno.cz\/#website"},"datePublished":"2023-09-20T10:29:11+00:00","dateModified":"2025-10-08T06:02:21+00:00","breadcrumb":{"@id":"https:\/\/www.atelierbrno.cz\/en\/contacts\/#breadcrumb"},"inLanguage":"en-US","potentialAction":[{"@type":"ReadAction","target":["https:\/\/www.atelierbrno.cz\/en\/contacts\/"]}]},{"@type":"BreadcrumbList","@id":"https:\/\/www.atelierbrno.cz\/en\/contacts\/#breadcrumb","itemListElement":[{"@type":"ListItem","position":1,"name":"Dom\u016f","item":"https:\/\/www.atelierbrno.cz\/en\/"},{"@type":"ListItem","position":2,"name":"Contacts"}]},{"@type":"WebSite","@id":"https:\/\/www.atelierbrno.cz\/#website","url":"https:\/\/www.atelierbrno.cz\/","name":"Ateli\u00e9r Brno","description":"Architekti Hr\u016f\u0161a &amp; spol.","potentialAction":[{"@type":"SearchAction","target":{"@type":"EntryPoint","urlTemplate":"https:\/\/www.atelierbrno.cz\/?s={search_term_string}"},"query-input":{"@type":"PropertyValueSpecification","valueRequired":true,"valueName":"search_term_string"}}],"inLanguage":"en-US"}]}},"_links":{"self":[{"href":"https:\/\/www.atelierbrno.cz\/en\/wp-json\/wp\/v2\/pages\/478","targetHints":{"allow":["GET"]}}],"collection":[{"href":"https:\/\/www.atelierbrno.cz\/en\/wp-json\/wp\/v2\/pages"}],"about":[{"href":"https:\/\/www.atelierbrno.cz\/en\/wp-json\/wp\/v2\/types\/page"}],"author":[{"embeddable":true,"href":"https:\/\/www.atelierbrno.cz\/en\/wp-json\/wp\/v2\/users\/1"}],"replies":[{"embeddable":true,"href":"https:\/\/www.atelierbrno.cz\/en\/wp-json\/wp\/v2\/comments?post=478"}],"version-history":[{"count":22,"href":"https:\/\/www.atelierbrno.cz\/en\/wp-json\/wp\/v2\/pages\/478\/revisions"}],"predecessor-version":[{"id":4313,"href":"https:\/\/www.atelierbrno.cz\/en\/wp-json\/wp\/v2\/pages\/478\/revisions\/4313"}],"wp:attachment":[{"href":"https:\/\/www.atelierbrno.cz\/en\/wp-json\/wp\/v2\/media?parent=478"}],"curies":[{"name":"wp","href":"https:\/\/api.w.org\/{rel}","templated":true}]}}